{"id":434,"date":"2026-02-02T06:05:08","date_gmt":"2026-02-02T06:05:08","guid":{"rendered":"https:\/\/www.thailandiaontheroad.com\/?page_id=434"},"modified":"2026-02-02T06:05:10","modified_gmt":"2026-02-02T06:05:10","slug":"kanchanaburi","status":"publish","type":"page","link":"https:\/\/www.thailandiaontheroad.com\/index.php\/kanchanaburi\/","title":{"rendered":"Kanchanaburi"},"content":{"rendered":"\n<div class=\"wp-block-group has-contrast-background-color has-background has-global-padding is-layout-constrained wp-block-group-is-layout-constrained\">\n<p>Day 1&nbsp; BANGKOK &#8211; FLOATING MARKET &#8211; KANCHANABURI<\/p>\n\n\n\n<p>Partenza dall\u2019hotel di Bangkok , dopo colazione , per la visita del mercato galleggiante (Damnoen Saduak floating market), che dista circa 100 km da Bangkok. Come prima tappa si visita al railway market, nel limitrofo paese di Maeklong , dove si trova&nbsp; il caratteristico mercato del fresco sui binari ferroviari che viene spostato al passare del treno. Successivamente ci si sposta al paese di Damnoen Saduak , una volta arrivati farete il giro dei canali con le caratteristiche barche (paddle boat) della durata di circa mezz&#8217;ora. Ritornati nel cuore del mercato \u00e8 possibile girovagare per le varie bancarelle per comprare souvenir \/ merce o semplicemente godersi lo spettacolo di colori che offre il mercato . Proseguimento per addentrarsi nella provincia di Kanchanaburi, le cui aspre e selvagge montagne segnano il confine naturale con la vicina Birmania. Tra esotici paesaggi dominati dalla jungla qui scorre il leggendario fiume Kwai che durante la seconda guerra mondiale fu il teatro dei cruciali conflitti tra i giapponesi e le forze alleate e culminati con la costruzione della storica ferrovia di guerra. Visita in loco e pranzo al ristorante galleggiante situato sotto il ponte. Dal ponte , tramite il treno chiamato \u201c il treno della morte \u201c si percorrere alcuni viadotti ferrati che si inerpicano sulle ripide pareti della montagna, costeggiando il fiume. Arrivo alla stazione di Tha Kilean ( circa un&#8217;ora di viaggio ) . Al termine trasferimento in hotel<\/p>\n\n\n\n<p>&nbsp;Day 2 KANCHANABURI &#8211; LAVA CAVE &#8211; SAYOK PARK<\/p>\n\n\n\n<p>Colazione in hotel . Trasferimento fluviale per le piccole ma graziose cascatelle del parco .Partendo dall\u2019hotel sar\u00e0 possibile giungere&nbsp; direttamente le cascate&nbsp; attraverso una entusiasmante crociera di poco pi\u00f9 di un\u2019ora di navigazione a bordo delle long tail boats risalendo un lungo tratto del fiume Kwai ed attraversando paesaggi di bellezza unica, dominati dalla jungla e da alte montagne che si gettano a picco sul nervoso corso del fiume. Tempo a disposizione per la visita del Parco, ricco di vegetazione con alberi di teak, grotte, torrenti, cascate ed altri motivi di interesse paesaggistico. Dopo pranzo tramite le caratteristiche barche locali , trasferimento alle grotte Lawa , caratterizzate da suggestivi panorami di ripide formazioni calcaree ricoperte da foresta molto fitta , tra le variet\u00e0 di flora e di fauna si pu\u00f2 menzionare il Craseonycteris thonglongyai, il pipistrello pi\u00f9 piccolo del mondo che \u00e8 una specie endemica proprio di queste zone. Al termine rientro in hotel<\/p>\n\n\n\n<p>Day 3 KANCHANABURI &#8211; ERAWAN PARK &#8211; BANGKOK<\/p>\n\n\n\n<p>Dopo colazione check out dall\u2019 hotel , trasferimento al meeting point sull\u2019altra sponda del fiume , partenza per il parco di Erawan , famoso per le sue cascate . Arrivo al parco , piccolo trekking per raggiungere le cascate , relax nelle zone limitrofe. Sosta per il pranzo nelle vicinanze del parco , successivamente partenza per il rientro in hotel a Bangkok<\/p>\n<\/div>\n\n\n\n<p>A partire da 290 euro a persona<\/p>\n\n\n\n<div class=\"wp-block-columns is-layout-flex wp-container-core-columns-is-layout-28f84493 wp-block-columns-is-layout-flex\">\n<div class=\"wp-block-column is-layout-flow wp-block-column-is-layout-flow\">\n<div class=\"wp-block-buttons is-layout-flex wp-block-buttons-is-layout-flex\">\n<div class=\"wp-block-button\"><a class=\"wp-block-button__link wp-element-button\" href=\"https:\/\/www.thailandiaontheroad.com\/index.php\/contattaci\/\">contattaci<\/a><\/div>\n<\/div>\n<\/div>\n\n\n\n<div class=\"wp-block-column is-layout-flow wp-block-column-is-layout-flow\">\n<div class=\"wp-block-buttons is-layout-flex wp-block-buttons-is-layout-flex\">\n<div class=\"wp-block-button\"><a class=\"wp-block-button__link wp-element-button\" href=\"https:\/\/www.thailandiaontheroad.com\/\">indietro<\/a><\/div>\n<\/div>\n<\/div>\n<\/div>\n","protected":false},"excerpt":{"rendered":"<p>Day 1&nbsp; BANGKOK &#8211; FLOATING MARKET &#8211; KANCHANABURI Partenza dall\u2019hotel di Bangkok , dopo colazione , per la visita del [&hellip;]<\/p>\n","protected":false},"author":2,"featured_media":0,"parent":0,"menu_order":0,"comment_status":"closed","ping_status":"closed","template":"","meta":{"footnotes":""},"class_list":["post-434","page","type-page","status-publish","hentry"],"_links":{"self":[{"href":"https:\/\/www.thailandiaontheroad.com\/index.php\/wp-json\/wp\/v2\/pages\/434","targetHints":{"allow":["GET"]}}],"collection":[{"href":"https:\/\/www.thailandiaontheroad.com\/index.php\/wp-json\/wp\/v2\/pages"}],"about":[{"href":"https:\/\/www.thailandiaontheroad.com\/index.php\/wp-json\/wp\/v2\/types\/page"}],"author":[{"embeddable":true,"href":"https:\/\/www.thailandiaontheroad.com\/index.php\/wp-json\/wp\/v2\/users\/2"}],"replies":[{"embeddable":true,"href":"https:\/\/www.thailandiaontheroad.com\/index.php\/wp-json\/wp\/v2\/comments?post=434"}],"version-history":[{"count":1,"href":"https:\/\/www.thailandiaontheroad.com\/index.php\/wp-json\/wp\/v2\/pages\/434\/revisions"}],"predecessor-version":[{"id":435,"href":"https:\/\/www.thailandiaontheroad.com\/index.php\/wp-json\/wp\/v2\/pages\/434\/revisions\/435"}],"wp:attachment":[{"href":"https:\/\/www.thailandiaontheroad.com\/index.php\/wp-json\/wp\/v2\/media?parent=434"}],"curies":[{"name":"wp","href":"https:\/\/api.w.org\/{rel}","templated":true}]}}