{"id":341,"date":"2026-01-30T14:25:57","date_gmt":"2026-01-30T14:25:57","guid":{"rendered":"https:\/\/www.thailandiaontheroad.com\/?page_id=341"},"modified":"2026-01-30T14:25:57","modified_gmt":"2026-01-30T14:25:57","slug":"bangkok-palazzo-reale-e-templi","status":"publish","type":"page","link":"https:\/\/www.thailandiaontheroad.com\/index.php\/bangkok-palazzo-reale-e-templi\/","title":{"rendered":"Bangkok- Palazzo Reale e Templi"},"content":{"rendered":"\n<div class=\"wp-block-group has-global-padding is-layout-constrained wp-block-group-is-layout-constrained\">\n<p><strong>Tour dei Templi-Palazzo reale <\/strong><\/p>\n\n\n\n<p class=\"has-contrast-background-color has-background\">La visita inizia&nbsp; verso le 8.00 e si raccomanda di vestire rispettosamente, non indossare T-shirt che non coprono le spalle o&nbsp; pantaloncini corti , in quanto si visitano siti venerati. Inizieremo dal Palazzo Reale ,ogni viaggiatore dovrebbe visitare il Royal Grand Palace almeno una volta. E\u2019 il simbolo della nazione e il monumento reale pi\u00f9 lodato in Thailandia.Il complesso di 61 ettari comprende: Wat Phra Kaeo, il luogo buddhista pi\u00f9 sacro del paese, in cui risiede l&#8217;immagine pi\u00f9 importante, il Buddha di Smeraldo, il Chedi d&#8217;oro, il Pantheon dei re Chakri, e le colorate otto torri. Poi visitiamo l&#8217;adiacente tempio Wat Pho , il tempio sede della pi\u00f9 famosa e riconosciuta in tutto il mondo&nbsp; scuola di massaggi thailandesi . In un grandioso giardino di alberi bonsai si trova la pi\u00f9 grande statua del buddha sdraiato di tutta la Thailandia : 46 metri di lunghezza! Ultima tappa della giornata , il Wat Traimit , il tempio del Buddha d\u2019oro , 5 tonnellate e mezzo di oro , unica statua di Buddha superstite della guerra con i birmani ad Ayutthaya.<\/p>\n\n\n\n<p><\/p>\n\n\n\n<p class=\"has-contrast-background-color has-background\">A partire da 65 euro<\/p>\n\n\n\n<div class=\"wp-block-columns is-layout-flex wp-container-core-columns-is-layout-28f84493 wp-block-columns-is-layout-flex\">\n<div class=\"wp-block-column is-layout-flow wp-block-column-is-layout-flow\">\n<div class=\"wp-block-buttons is-layout-flex wp-block-buttons-is-layout-flex\">\n<div class=\"wp-block-button\"><a class=\"wp-block-button__link wp-element-button\" href=\"https:\/\/www.thailandiaontheroad.com\/index.php\/contattaci\/\">contattaci<\/a><\/div>\n<\/div>\n<\/div>\n\n\n\n<div class=\"wp-block-column is-layout-flow wp-block-column-is-layout-flow\">\n<div class=\"wp-block-buttons is-layout-flex wp-block-buttons-is-layout-flex\">\n<div class=\"wp-block-button\"><a class=\"wp-block-button__link wp-element-button\" href=\"https:\/\/www.thailandiaontheroad.com\/\">indietro<\/a><\/div>\n<\/div>\n<\/div>\n<\/div>\n<\/div>\n","protected":false},"excerpt":{"rendered":"<p>Tour dei Templi-Palazzo reale La visita inizia&nbsp; verso le 8.00 e si raccomanda di vestire rispettosamente, non indossare T-shirt che [&hellip;]<\/p>\n","protected":false},"author":2,"featured_media":0,"parent":0,"menu_order":0,"comment_status":"closed","ping_status":"closed","template":"","meta":{"footnotes":""},"class_list":["post-341","page","type-page","status-publish","hentry"],"_links":{"self":[{"href":"https:\/\/www.thailandiaontheroad.com\/index.php\/wp-json\/wp\/v2\/pages\/341","targetHints":{"allow":["GET"]}}],"collection":[{"href":"https:\/\/www.thailandiaontheroad.com\/index.php\/wp-json\/wp\/v2\/pages"}],"about":[{"href":"https:\/\/www.thailandiaontheroad.com\/index.php\/wp-json\/wp\/v2\/types\/page"}],"author":[{"embeddable":true,"href":"https:\/\/www.thailandiaontheroad.com\/index.php\/wp-json\/wp\/v2\/users\/2"}],"replies":[{"embeddable":true,"href":"https:\/\/www.thailandiaontheroad.com\/index.php\/wp-json\/wp\/v2\/comments?post=341"}],"version-history":[{"count":1,"href":"https:\/\/www.thailandiaontheroad.com\/index.php\/wp-json\/wp\/v2\/pages\/341\/revisions"}],"predecessor-version":[{"id":342,"href":"https:\/\/www.thailandiaontheroad.com\/index.php\/wp-json\/wp\/v2\/pages\/341\/revisions\/342"}],"wp:attachment":[{"href":"https:\/\/www.thailandiaontheroad.com\/index.php\/wp-json\/wp\/v2\/media?parent=341"}],"curies":[{"name":"wp","href":"https:\/\/api.w.org\/{rel}","templated":true}]}}