{"id":336,"date":"2026-01-30T14:21:00","date_gmt":"2026-01-30T14:21:00","guid":{"rendered":"https:\/\/www.thailandiaontheroad.com\/?page_id=336"},"modified":"2026-01-30T14:21:00","modified_gmt":"2026-01-30T14:21:00","slug":"lombok","status":"publish","type":"page","link":"https:\/\/www.thailandiaontheroad.com\/index.php\/lombok\/","title":{"rendered":"Lombok"},"content":{"rendered":"\n<p><\/p>\n\n\n\n<div class=\"wp-block-group has-contrast-background-color has-background has-global-padding is-layout-constrained wp-block-group-is-layout-constrained\">\n<h2 class=\"wp-block-heading has-small-font-size\"><strong>Giorno 1 Denpasar &#8211; Arrivo e trasferimento &#8211; Kuta Bali<\/strong><\/h2>\n\n\n\n<h2 class=\"wp-block-heading has-small-font-size\">Arrivo all&#8217;aeroporto internazionale di Denpasar. Dopo aver svolto le formalit\u00e0 doganali, sanitarie e aver ritirato i propri bagagli un autista vi aspetta per portarvi con trasferimento privato fino ad Kuta da dove comincer\u00e0 il vostro viaggio alla scoperta dell&#8217;Indonesia. Arrivo e sistemazione in camera. Resto della giornata a disposizione.<\/h2>\n\n\n\n<h2 class=\"wp-block-heading has-small-font-size\"><strong>Giorno 2 Senggigi &#8211; Culture tour: alla scoperta delle tradizioni di Lombok<\/strong><\/h2>\n\n\n\n<h2 class=\"wp-block-heading has-small-font-size\">Visiterete il suggestivo mercato principale dell&#8217;isola, il mercato di Sweta, il Narmada Park uno dei parchi pi\u00f9 grandi e storici di Lombok. progettato per ricordare le fattezze del monte Rinjani. Il parco ospita il Pura Kalasa, un tempio ind\u00f9 in cui volta all&#8217;anno la popolazione esegue il rituale di purificazione. I visitatori possono anche visitare il balai petitjean e lavarsi il viso o bere da quella che si ritiene essere la fontana dell&#8217;eterna giovinezza, Terminata la visita si prosegue verso il Lingsar Temple simbolo della perfetta armonia che regna tra le diverse religioni e i rispettivi fedeli che si ritrovano pacificamente gli uni accanto gli altri. La giornata si conclude con la visita al villaggio di Banyumulek rinomato in tutta l&#8217;Indonesia per la pregevole produzione di ceramiche e al villaggio di Sukarara dove vengono prodotti i famosi tessuti colorati. La caratteristica di questa produzione artigianale \u00e8 l&#8217;utilizzo di tecniche e strumenti antichi che vengono tramandati da generazioni. Ancora oggi una donna che desidera sposarsi e creare una famiglia ha l&#8217;obbligo di imparare a tessere con questi antichi telai.<\/h2>\n\n\n\n<h2 class=\"wp-block-heading has-small-font-size\"><strong>Giorno 3&nbsp; Gili Nanggu, Gili Sudak, Gili Kedis &#8211; Senggigi<\/strong><\/h2>\n\n\n\n<h2 class=\"wp-block-heading has-small-font-size\">Giornata dedicata allo snorkeling per ammirare la bellezza dei fondali che circondano le piccole Gili di Sud Ovest, la ricchezza dei loro coralli e la variet\u00e0 dei pesci che popolano quelle acque. Molto probabile l&#8217;incontro con le placide tartarughe marine.<\/h2>\n\n\n\n<h2 class=\"wp-block-heading has-small-font-size\">Queste piccole isole sono tuttora una destinazione sconosciuta alla massa e tuttavia di una bellezza incredibile. Si raggiungono in barca partendo dal piccolo porto di Tawun per un giornata all&#8217;insegna di mare, spiagge incontaminate e snorkeling. Rientro alle Gili nel tardo pomeriggio.<\/h2>\n\n\n\n<h2 class=\"wp-block-heading has-small-font-size\"><strong>Giorno 4 Senggigi &#8211; Soft trekking Tetebatu<\/strong><\/h2>\n\n\n\n<h2 class=\"wp-block-heading has-small-font-size\">La vostra giornata comincia con la visita ad una cascata nella zona del Tetebatu un&#8217;area dedicata principalmente alla coltivazione del riso. Con una passeggiata tra il verde di queste risaie scoprirete la vita segreti dei contadini e la loro vita quotidiana. Si prosegue con la visita al Sukerare Village dove vengono prodotti i famosi tessuti colorati. La caratteristica di questa produzione artigianale \u00e8 l&#8217;utilizzo di tecniche e strumenti antichi che vengono tramandati da generazioni. Ancora oggi una donna che desidera sposarsi e creare una famiglia ha l&#8217;obbligo di imparare a tessere con questi antichi telai. Avete la possibilit\u00e0 di indossare i preziosi abiti locali e scattare qualche foto ricordo di questa giornata vissuta a fianco della cultura Sasak. Ultima tappa della giornata \u00e8 il Gunung Sari dove viene tuttora praticata e tramandata l&#8217;antica arte della lavorazione del bamb\u00f9.<\/h2>\n\n\n\n<h2 class=\"wp-block-heading has-small-font-size\"><strong>Giorno 5 Senggigi &#8211; Senaru waterfall, Sindang Gila &amp; Liu Kilep<\/strong><\/h2>\n\n\n\n<h2 class=\"wp-block-heading has-small-font-size\">La giornata comincia con la visita al pittoresco mercato tradizionale di Lendang Bajur. A seguire si esplora il parco di Pusuk Pusuk Park situato a 1000 m dal livello del mare con montagne verdi dal fitto fogliame che terminano con scogliere a picco sul mare. Il paesaggio di questo parco \u00e8 senza dubbio tra i pi\u00f9 suggestivi di tutta l&#8217;isola. Il parco \u00e8 inoltre abitato da centinaia di amichevoli scimmie selvatiche che animeranno la vostra escursione accompagnandovi lungo i sentieri e le stradine. Nel corso del pomeriggio, con un trekking leggero, si raggiungono due delle cascate pi\u00f9 belle e caratteristiche dell&#8217;isola Sindang Gila &amp; Tiu Kelep per un&#8217;intensa immersione nella natura pi\u00f9 selvaggia. La giornata di conclude a Malimbu per ammirare uno dei punti panoramici sull&#8217;oceano pi\u00f9 poetici dell&#8217;isola.<\/h2>\n\n\n\n<h2 class=\"wp-block-heading has-small-font-size\"><strong>Giorno 6 Trasferimento da Lombok a Bali<\/strong><\/h2>\n\n\n\n<p class=\"has-small-font-size\">Colazione e check out. Giornata libera a disposizione del cliente, giornata da dedicare al trasferimento presso la prossima destinazione.<\/p>\n<\/div>\n\n\n\n<p><\/p>\n\n\n\n<p class=\"has-contrast-background-color has-background\">A partire da 950 euro a persona<\/p>\n\n\n\n<div class=\"wp-block-columns is-layout-flex wp-container-core-columns-is-layout-28f84493 wp-block-columns-is-layout-flex\">\n<div class=\"wp-block-column is-layout-flow wp-block-column-is-layout-flow\">\n<div class=\"wp-block-buttons is-layout-flex wp-block-buttons-is-layout-flex\">\n<div class=\"wp-block-button\"><a class=\"wp-block-button__link wp-element-button\" href=\"https:\/\/www.thailandiaontheroad.com\/index.php\/contattaci\/\">contattaci<\/a><\/div>\n<\/div>\n<\/div>\n\n\n\n<div class=\"wp-block-column is-layout-flow wp-block-column-is-layout-flow\">\n<div class=\"wp-block-buttons is-layout-flex wp-block-buttons-is-layout-flex\">\n<div class=\"wp-block-button\"><a class=\"wp-block-button__link wp-element-button\" href=\"https:\/\/www.thailandiaontheroad.com\/\">indietro<\/a><\/div>\n<\/div>\n<\/div>\n<\/div>\n","protected":false},"excerpt":{"rendered":"<p>Giorno 1 Denpasar &#8211; Arrivo e trasferimento &#8211; Kuta Bali Arrivo all&#8217;aeroporto internazionale di Denpasar. Dopo aver svolto le formalit\u00e0 [&hellip;]<\/p>\n","protected":false},"author":2,"featured_media":0,"parent":0,"menu_order":0,"comment_status":"closed","ping_status":"closed","template":"","meta":{"footnotes":""},"class_list":["post-336","page","type-page","status-publish","hentry"],"_links":{"self":[{"href":"https:\/\/www.thailandiaontheroad.com\/index.php\/wp-json\/wp\/v2\/pages\/336","targetHints":{"allow":["GET"]}}],"collection":[{"href":"https:\/\/www.thailandiaontheroad.com\/index.php\/wp-json\/wp\/v2\/pages"}],"about":[{"href":"https:\/\/www.thailandiaontheroad.com\/index.php\/wp-json\/wp\/v2\/types\/page"}],"author":[{"embeddable":true,"href":"https:\/\/www.thailandiaontheroad.com\/index.php\/wp-json\/wp\/v2\/users\/2"}],"replies":[{"embeddable":true,"href":"https:\/\/www.thailandiaontheroad.com\/index.php\/wp-json\/wp\/v2\/comments?post=336"}],"version-history":[{"count":1,"href":"https:\/\/www.thailandiaontheroad.com\/index.php\/wp-json\/wp\/v2\/pages\/336\/revisions"}],"predecessor-version":[{"id":337,"href":"https:\/\/www.thailandiaontheroad.com\/index.php\/wp-json\/wp\/v2\/pages\/336\/revisions\/337"}],"wp:attachment":[{"href":"https:\/\/www.thailandiaontheroad.com\/index.php\/wp-json\/wp\/v2\/media?parent=336"}],"curies":[{"name":"wp","href":"https:\/\/api.w.org\/{rel}","templated":true}]}}