{"id":333,"date":"2026-01-30T14:15:41","date_gmt":"2026-01-30T14:15:41","guid":{"rendered":"https:\/\/www.thailandiaontheroad.com\/?page_id=333"},"modified":"2026-01-30T14:15:41","modified_gmt":"2026-01-30T14:15:41","slug":"central-bali","status":"publish","type":"page","link":"https:\/\/www.thailandiaontheroad.com\/index.php\/central-bali\/","title":{"rendered":"Central Bali"},"content":{"rendered":"\n<p><\/p>\n\n\n\n<div class=\"wp-block-group has-global-padding is-layout-constrained wp-block-group-is-layout-constrained\">\n<div class=\"wp-block-group has-contrast-background-color has-background has-global-padding is-layout-constrained wp-block-group-is-layout-constrained\">\n<h2 class=\"wp-block-heading has-small-font-size\"><strong>Giorno 1 &#8211; Denpasar &#8211; Arrivo e trasferimento &#8211; Ubud<\/strong><\/h2>\n\n\n\n<p class=\"has-small-font-size\">Arrivo all&#8217;aeroporto internazionale di Denpasar. Dopo aver svolto le formalit\u00e0 doganali, sanitarie e aver ritirato i propri bagagli un autista vi aspetta per portarvi con trasferimento privato fino ad Ubud da dove comincer\u00e0 il vostro viaggio alla scoperta dell&#8217;isola degli Dei. Arrivo e sistemazione in camera. Resto della giornata a disposizione.<\/p>\n\n\n\n<h2 class=\"wp-block-heading has-small-font-size\"><strong>Giorno 2 &#8211; Full immersion nella cultura tradizionale di Bali &#8211; Ubud<\/strong><\/h2>\n\n\n\n<p class=\"has-small-font-size\">Colazione in hotel di primissimo mattino e partenza per il villaggio di Tunjuk dove \u00e8 possibile incontrare ed interagire con i suoi sorridenti abitanti mentre svolgono le loro attivit\u00e0 quotidiane. Nel corso della giornata sar\u00e0 possibile vedere da vicino alcuni scorci di vita quotidiana tipica di un villaggio rurale. Potrete vedere come sono strutturate le scuole, visitare una tipica abitazione balinese e vedere come le famiglie balinesi appartenenti allo stesso villaggio convivono armoniosamente condividendo quotidianamente i loro momenti conviviali e privati. Sarete benvenuti, se lo vorrete, a partecipare in alcune delle loro attivit\u00e0 come il piantare riso, partecipare ad alcune mansioni della vita nei campi, la preparazione delle offerte per il tempio o qualche semplice piatto come la cassava o dei biscotti usando le loro tecniche tradizionali. Se sarete fortunati qualcuno potrebbe anche cercare di insegnarvi a suonare il gamelan, tradizionale strumento musicale balinese dal suono lento e profondo, oppure potrebbe prendersi il compito di insegnarvi a riconoscere alcune delle centinaia di spezie tipiche della cucina locale. Finalmente, dopo ore di frenetica attivit\u00e0 finalmente gusterete un ottimo pranzo balinese preparato dalle donne del villaggio che saranno felici di accogliervi nel loro piccolo warung come ospiti. Dopo il pranzo, rientro in hotel.<\/p>\n\n\n\n<h2 class=\"wp-block-heading has-small-font-size\"><strong>Giorno 3 &#8211; Tour Goa Gajah, Tirta Empul, Kintamani, Tegalalang &#8211; Ubud<\/strong><\/h2>\n\n\n\n<p>Colazione in hotel e partenza per una giornata alla scoperta dell&#8217;entroterra di Bali. Il tour comincia con la visita al famoso Tempio di Goa Gajah, scavato nella roccia e a cui si accede entrando attraverso la bocca di un demone. A seguire la giornata procede con la visita del suggestivo Tirta Empul, le sorgenti sacre pi\u00f9 amate dai balinesi che, abbigliati dei loro abiti pi\u00f9 colorati, sono soliti portare in questo luogo sacro offerte e doni e praticare antichi rituali di purificazione. L\u2019acqua delle sorgenti sacre scorre lungo un percorso organizzato su tre livelli fino ad alimentare grandi vasche decorate da statue a cui \u00e8 possibile accedere. Nell\u2019ambito di questo tour non sar\u00e0 possibile effettuare il rituale di purificazione ma la sola visita al tempio. Al termine si sale verso la suggestiva regione del Kintamani in cui sia arriva in tempo utile per il pranzo. La sosta viene solitamente effettuata in zona panoramica per ammirare dall\u2019alto lo splendido panorama del vulcano e del lago Batur e fare tante bellissime fotografie. Dopo il pranzo si scende nuovamente dalla zona montagnosa per raggiungere e visitare le famigerate risaie a terrazzo di Tegalalang, uno splendido ed efficace sistema di irrigazione oltre che un verdissimo panorama davvero suggestivo. Al termine rientro in hotel.<\/p>\n\n\n\n<h2 class=\"wp-block-heading has-small-font-size\"><strong>Giorno 4 &#8211; Tour Penglipuran, Kehen, Besakih, Kertagosa &#8211; Ubud<\/strong><\/h2>\n\n\n\n<p>Colazione in hotel e partenza in direzione del villaggio tradizionale di Penglipuran, per ammirare il placido ritmo della vita rurale di una popolazione che ancora vive seguendo usanze e tradizioni ancestrali. La giornata prosegue con la visita del Tempio di Kehen, il secondo tempio pi\u00f9 grande di Bali e, in seguito, il grande tempio madre, il Tempio di Besakih situato sulle pendici del monte Agung e che si narra sia magicamente sopravvissuto intatto alle pi\u00f9 terrificanti eruzioni della storia. La sosta per il pranzo sar\u00e0 lungo la strada verso il Kerta Gosa, antico palazzo di giustizia che sar\u00e0 visitato nel pomeriggio dopo la pausa. Al termine rientro in hotel.<\/p>\n\n\n\n<p><strong>Giorno 5 &#8211; Ubud &#8211; Tour Tanah Lot, Tempio di Batukaru, risaie di Jatiluwih<\/strong><\/p>\n\n\n\n<p>Colazione in hotel e partenza in direzione del tempio Tanah Lot, il famoso tempio sull\u2019oceano e uno dei luoghi di culto pi\u00f9 amati dai balinesi. La sua posizione suggestiva su uno scoglio continuamente battuto dalle onde dell\u2019oceano lo rendono un luogo misterioso e carico di magia per chiunque se ne trovi al cospetto. Terminata la visita si procede con il Tempio di Batukaru, arroccato sulle pendici del monte sacro di Batukaru (2.276 m) tra un verde lussureggiante e, la mattina presto, una leggera nebbia. Le sue statue ricoperte di muschio verde sono dedicate alla dinastia dei Tebanan e alle divinit\u00e0 protettrici locali tra cui Mahadewa, dea della montagna. Nel bacino situato pi\u00f9 in basso una piccola isola accoglie alcuni altari dedicati alla dea del lago Tamblingan e al Dio del Monte Batukaru. Al termine di questa visita si prosegue verso Jatiluwih classificate dall\u2019UNESCO uno dei migliori sistemi di irrigazione al mondo che ha creato un panorama verdissimo e suggestivo in cui \u00e8 piacevole trascorrere un po\u2019 di tempo immersi nella pace e nell\u2019atmosfera creata dal susseguirsi delle morbide terrazze. E\u2019 possibile e consigliato fare una breve passeggiata tra le risaie, si tratta di un trekking molto leggero a circuito di circa un\u2019oretta. Pranzo in un ristorante locale e nel pomeriggio rientro in hotel.<\/p>\n\n\n\n<h2 class=\"wp-block-heading has-small-font-size\"><strong>Giorno 6 &#8211; Denpasar &#8211; Partenza<\/strong><\/h2>\n\n\n\n<p>Colazione in hotel. Oggi \u00e8 il vostro ultimo giorno del nostro tour. Approfittate delle ultime a disposizione per una passeggiata, un po &#8216; di shopping o un tuffo nell&#8217;oceano. All&#8217;orario prefissato il vostro autista vi accompagner\u00e0 all&#8217;aeroporto internazionale di Denpasar in tempo utile per il vostro volo di ritorno oppure alla prossima meta .<\/p>\n<\/div>\n\n\n\n<p><\/p>\n\n\n\n<p class=\"has-contrast-background-color has-background\">A partire da euro a 890 persona<\/p>\n\n\n\n<div class=\"wp-block-columns is-layout-flex wp-container-core-columns-is-layout-28f84493 wp-block-columns-is-layout-flex\">\n<div class=\"wp-block-column is-layout-flow wp-block-column-is-layout-flow\">\n<div class=\"wp-block-buttons is-layout-flex wp-block-buttons-is-layout-flex\">\n<div class=\"wp-block-button\"><a class=\"wp-block-button__link wp-element-button\" href=\"https:\/\/www.thailandiaontheroad.com\/index.php\/contattaci\/\">contattaci<\/a><\/div>\n<\/div>\n<\/div>\n\n\n\n<div class=\"wp-block-column is-layout-flow wp-block-column-is-layout-flow\">\n<div class=\"wp-block-buttons is-layout-flex wp-block-buttons-is-layout-flex\">\n<div class=\"wp-block-button\"><a class=\"wp-block-button__link wp-element-button\" href=\"https:\/\/www.thailandiaontheroad.com\/\">indietro<\/a><\/div>\n<\/div>\n<\/div>\n<\/div>\n<\/div>\n","protected":false},"excerpt":{"rendered":"<p>Giorno 1 &#8211; Denpasar &#8211; Arrivo e trasferimento &#8211; Ubud Arrivo all&#8217;aeroporto internazionale di Denpasar. Dopo aver svolto le formalit\u00e0 [&hellip;]<\/p>\n","protected":false},"author":2,"featured_media":0,"parent":0,"menu_order":0,"comment_status":"closed","ping_status":"closed","template":"","meta":{"footnotes":""},"class_list":["post-333","page","type-page","status-publish","hentry"],"_links":{"self":[{"href":"https:\/\/www.thailandiaontheroad.com\/index.php\/wp-json\/wp\/v2\/pages\/333","targetHints":{"allow":["GET"]}}],"collection":[{"href":"https:\/\/www.thailandiaontheroad.com\/index.php\/wp-json\/wp\/v2\/pages"}],"about":[{"href":"https:\/\/www.thailandiaontheroad.com\/index.php\/wp-json\/wp\/v2\/types\/page"}],"author":[{"embeddable":true,"href":"https:\/\/www.thailandiaontheroad.com\/index.php\/wp-json\/wp\/v2\/users\/2"}],"replies":[{"embeddable":true,"href":"https:\/\/www.thailandiaontheroad.com\/index.php\/wp-json\/wp\/v2\/comments?post=333"}],"version-history":[{"count":1,"href":"https:\/\/www.thailandiaontheroad.com\/index.php\/wp-json\/wp\/v2\/pages\/333\/revisions"}],"predecessor-version":[{"id":334,"href":"https:\/\/www.thailandiaontheroad.com\/index.php\/wp-json\/wp\/v2\/pages\/333\/revisions\/334"}],"wp:attachment":[{"href":"https:\/\/www.thailandiaontheroad.com\/index.php\/wp-json\/wp\/v2\/media?parent=333"}],"curies":[{"name":"wp","href":"https:\/\/api.w.org\/{rel}","templated":true}]}}