{"id":206,"date":"2026-01-16T14:03:50","date_gmt":"2026-01-16T14:03:50","guid":{"rendered":"https:\/\/www.thailandiaontheroad.com\/?page_id=206"},"modified":"2026-02-18T22:06:59","modified_gmt":"2026-02-18T22:06:59","slug":"info-laos","status":"publish","type":"page","link":"https:\/\/www.thailandiaontheroad.com\/index.php\/info-laos\/","title":{"rendered":"Info Laos"},"content":{"rendered":"\n<p class=\"has-white-background-color has-background\">Laos<\/p>\n\n\n\n<p class=\"has-white-background-color has-background\">Governo :&nbsp; Repubblica democratica popolare<\/p>\n\n\n\n<p class=\"has-white-background-color has-background\">Superficie (Km\u00b2) :\u00a0 236.800<\/p>\n\n\n\n<p class=\"has-white-background-color has-background\">Popolazione :&nbsp; 6.217.141 abitanti (tasso di crescita demografica 2,44%)<\/p>\n\n\n\n<p class=\"has-white-background-color has-background\">Gruppi etnici :&nbsp; Lao-Lum 67% Lao-Theung 16% Lao-Thai 8% altri 9%<\/p>\n\n\n\n<p class=\"has-white-background-color has-background\">Lingue :\u00a0 Lao (uff.), Francese, Inglese, Thai<\/p>\n\n\n\n<p class=\"has-white-background-color has-background\">Religioni :&nbsp; 60% buddhista, 38,5% animista e seguaci dei culti degli spiriti, 1,5% cristiana<\/p>\n\n\n\n<p class=\"has-white-background-color has-background\">Capitale :&nbsp; Vientiane (194.200 abitanti)<\/p>\n\n\n\n<p class=\"has-white-background-color has-background\">Moneta :&nbsp; Nuovo Kip (LAK)<\/p>\n\n\n\n<p class=\"has-white-background-color has-background\">Fuso orario :&nbsp; GMT+7: +6h (rispetto all&#8217;ora solare italiana); +5h (rispetto all&#8217;ora legale italiana)<\/p>\n\n\n\n<p class=\"has-white-background-color has-background\">Documenti validi :&nbsp; Passaporto necessario con validit\u00e0 residua di almeno 3 mesi. \u00c8 possibile guidare con la patente internazionale.<\/p>\n\n\n\n<p class=\"has-white-background-color has-background\">Visto :&nbsp; Necessario, da richiedersi presso le Rappresentanze diplomatico-consolari laotiane. Il visto pu\u00f2 essere ottenuto anche in frontiera aeroportuale (Vientiane, Luang Prabang, Prakxe) e, per via terrestre, presso il Thai-Lao Friendship Bridge. La validit\u00e0 \u00e8 di 14 giorni e pu\u00f2 essere rinnovato dal Dipartimento dell\u2019Immigrazione locale.<\/p>\n\n\n\n<p class=\"has-white-background-color has-background\">Particolari divieti : Non portare con s\u00e9 il passaporto \u00e8 considerato illegale; in caso di richiesta e mancata esibizione, le multe possono essere elevate. Pene severissime per chi fa uso di droghe.<\/p>\n\n\n\n<p class=\"has-white-background-color has-background\">Carte di credito : Accettate le principali carte (VISA, Mastercard, Diners, American Express), ma solo nei grandi alberghi. Meglio munirsi di dollari US. Prelievo presso gli sportelli bancomat non disponibile.<\/p>\n\n\n\n<p class=\"has-white-background-color has-background\">Clima : Monsonico. La stagione secca va da inizio novembre a fine febbraio; costituisce il periodo migliore per visitare il Paese grazie al caldo sopportabile durante il giorno e a notti relativamente fresche, cielo terso e limpido, tranne che nel nord e nelle valli, dove rimane abbastanza nuvoloso. Da marzo a inizio maggio comincia il periodo caldo, difficile da sopportare particolarmente nei centri urbani. La stagione delle piogge va da inizio maggio a met\u00e0 ottobre con rovesci torrenziali e frequenti inondazioni. L&#8217;elevato tasso di umidit\u00e0 rende il caldo opprimente. Nel medesimo periodo si registrano anche tifoni.<\/p>\n\n\n\n<p class=\"has-white-background-color has-background\">Telecomunicazioni : Prefissi: dall&#8217; ltalia 00856; per l&#8217;Italia 0039 Copertura mobile, voce e dati: ETL Mobile GSM 900 LAT GSM 900\/1800 Lao Telecommunications GSM 900 Millicom Lao Co Ltd GSM 900\/1800<\/p>\n\n\n\n<p class=\"has-white-background-color has-background\">Elettricit\u00e0 : 220V 50Hz. Spine di tipo A (USA a 2 contatti), B (USA a 3 poli), C (europea a 2 poli), E (francese a 3 poli) ed F (tedesca a 2 poli).<\/p>\n\n\n\n<p class=\"has-white-background-color has-background\">Salute : Vaccinazioni obbligatorie: nessuna. Raccomandazioni: non assumere acqua corrente e non bere latte e bevande di produzione locale evitando di aggiungere il ghiaccio; consumare carni e uova cotte (ad almeno 70 gradi); osservare norme igieniche basilari, come lavarsi frequentemente le mani; scegliere gli alimenti con la massima attenzione; eventuale profilassi antimalarica.<\/p>\n\n\n\n<p class=\"has-white-background-color has-background\">Cosa mettere in valigia : Abbigliamento pratico e sportivo, in cotone e meglio se in fibre naturali, capi pi\u00f9 pesanti per proteggersi dall&#8217;aria condizionata degli alberghi, k-way; cappellino, eventuale costume da bagno, occhiali da sole e creme protettive, scarponcini da trekking e\/o scarpe sportive con suola antiscivolo, sandali, coltellino multiuso, borraccia, torcia, collirio, repellenti per zanzare; farmaci di uso personale.<\/p>\n\n\n\n<div class=\"wp-block-buttons is-layout-flex wp-block-buttons-is-layout-flex\">\n<div class=\"wp-block-button\"><a class=\"wp-block-button__link wp-element-button\" href=\"https:\/\/www.thailandiaontheroad.com\/\">indietro<\/a><\/div>\n<\/div>\n","protected":false},"excerpt":{"rendered":"<p>Laos Governo :&nbsp; Repubblica democratica popolare Superficie (Km\u00b2) :\u00a0 236.800 Popolazione :&nbsp; 6.217.141 abitanti (tasso di crescita demografica 2,44%) Gruppi [&hellip;]<\/p>\n","protected":false},"author":2,"featured_media":0,"parent":0,"menu_order":0,"comment_status":"closed","ping_status":"closed","template":"","meta":{"footnotes":""},"class_list":["post-206","page","type-page","status-publish","hentry"],"_links":{"self":[{"href":"https:\/\/www.thailandiaontheroad.com\/index.php\/wp-json\/wp\/v2\/pages\/206","targetHints":{"allow":["GET"]}}],"collection":[{"href":"https:\/\/www.thailandiaontheroad.com\/index.php\/wp-json\/wp\/v2\/pages"}],"about":[{"href":"https:\/\/www.thailandiaontheroad.com\/index.php\/wp-json\/wp\/v2\/types\/page"}],"author":[{"embeddable":true,"href":"https:\/\/www.thailandiaontheroad.com\/index.php\/wp-json\/wp\/v2\/users\/2"}],"replies":[{"embeddable":true,"href":"https:\/\/www.thailandiaontheroad.com\/index.php\/wp-json\/wp\/v2\/comments?post=206"}],"version-history":[{"count":4,"href":"https:\/\/www.thailandiaontheroad.com\/index.php\/wp-json\/wp\/v2\/pages\/206\/revisions"}],"predecessor-version":[{"id":530,"href":"https:\/\/www.thailandiaontheroad.com\/index.php\/wp-json\/wp\/v2\/pages\/206\/revisions\/530"}],"wp:attachment":[{"href":"https:\/\/www.thailandiaontheroad.com\/index.php\/wp-json\/wp\/v2\/media?parent=206"}],"curies":[{"name":"wp","href":"https:\/\/api.w.org\/{rel}","templated":true}]}}