{"id":204,"date":"2026-01-16T14:02:59","date_gmt":"2026-01-16T14:02:59","guid":{"rendered":"https:\/\/www.thailandiaontheroad.com\/?page_id=204"},"modified":"2026-02-18T22:05:25","modified_gmt":"2026-02-18T22:05:25","slug":"info-cambogia","status":"publish","type":"page","link":"https:\/\/www.thailandiaontheroad.com\/index.php\/info-cambogia\/","title":{"rendered":"Info Cambogia"},"content":{"rendered":"\n<p class=\"has-white-background-color has-background\">Cambogia<\/p>\n\n\n\n<p class=\"has-white-background-color has-background\">Governo :&nbsp; Monarchia costituzionale<\/p>\n\n\n\n<p class=\"has-white-background-color has-background\">Superficie (Km\u00b2) :\u00a0 181.040<\/p>\n\n\n\n<p class=\"has-white-background-color has-background\">Popolazione :&nbsp; 13.607.069 abitanti (tasso di crescita demografica 1,8%)<\/p>\n\n\n\n<p class=\"has-white-background-color has-background\">Gruppi etnici :&nbsp; 90% khmer, 5% vietnamiti, 1% cinesi, 4% altri<\/p>\n\n\n\n<p class=\"has-white-background-color has-background\">Lingue :\u00a0 Khmer (uff.), Francese<\/p>\n\n\n\n<p class=\"has-white-background-color has-background\">Religioni :&nbsp; 95% buddhista theravada, 5% musulmana cham, cattolica, altre religioni<\/p>\n\n\n\n<p class=\"has-white-background-color has-background\">Capitale :&nbsp; Phnom Penh (1.169.800 abitanti)<\/p>\n\n\n\n<p class=\"has-white-background-color has-background\">Moneta : Riel (KHR)<\/p>\n\n\n\n<p class=\"has-white-background-color has-background\">Fuso orario :&nbsp; GMT+7: +6h (rispetto all&#8217;ora solare italiana); +5h (rispetto all&#8217;ora legale italiana)<\/p>\n\n\n\n<p class=\"has-white-background-color has-background\">Documenti validi :&nbsp; Passaporto necessario con validit\u00e0 residua di almeno 6 mesi. \u00c8 possibile guidare con la patente italiana.<\/p>\n\n\n\n<p class=\"has-white-background-color has-background\">Visto :&nbsp; Necessario, rilasciato dalle Rappresentanze diplomatico-consolari cambogiane o ottenuto, per brevi permanenze, anche in frontiera (a Poipet e Koh Kong) o all&#8217;arrivo presso gli aeroporti internazionali di Pochentong e Siem Reap.<\/p>\n\n\n\n<p class=\"has-white-background-color has-background\">Particolari divieti :&nbsp; Pene severe per chi a uso di droghe.<\/p>\n\n\n\n<p class=\"has-white-background-color has-background\">Carte di credito :&nbsp; Accettate in maniera limitata le migliori carte di credito (VISA, Mastercard, Diners, American Express). Meglio disporre di dollari US. Sportelli bancomat disponibili presso le pi\u00f9 grandi citt\u00e0.<\/p>\n\n\n\n<p class=\"has-white-background-color has-background\">Clima :&nbsp; Di tipo monsonico. La stagione delle piogge, molto intensa, inizia a maggio per finire ai primi di novembre nel nord e alla fine di novembre nel sud: l&#8217;elevato tasso di umidit\u00e0 rende il caldo insopportabile. Le precipitazioni sono abbondanti in tutto il Paese, particolarmente nelle zone montuose del sud-ovest. Da novembre a gennaio le precipitazioni diminuiscono ed \u00e8 questo il momento ideale per visitare il Paese: tutto \u00e8 verde e brillante, l&#8217;aria \u00e8 fresca, le piscine sacre dei templi di Angkor sono colme d&#8217;acqua e riflettono le sagome dei monumenti. La stagione secca (tra febbraio e aprile) presenta temperature solo un po&#8217; pi\u00f9 fresche rispetto al caldo torrido di marzo e aprile. La temperatura media massima varia dai 30\u00b0 C di gennaio ai 40\u00b0 C di aprile. Di notte, le temperature medie non scendono mai sotto i 15\u00b0 C per arrivare ai 20\u00b0-24\u00b0 C di aprile.<\/p>\n\n\n\n<p class=\"has-white-background-color has-background\">Telecomunicazioni :&nbsp; Prefissi: dall&#8217; ltalia 00855; per l&#8217;Italia 0039 Copertura mobile, voce e dati: StarCell GSM 1800 CADCOMMS GSM 1800 UMTS 2100 Cambodia Shinawatra GSM 1800 Mobitel GSM 900 UMTS 2100 Hello GSM GSM 900<\/p>\n\n\n\n<p class=\"has-white-background-color has-background\">Elettricit\u00e0 :&nbsp; 220V 50Hz. Spine di tipo A (USA a 2 contatti), C (europea a 2 poli) e raramente G (inglese a 3 poli).<\/p>\n\n\n\n<p class=\"has-white-background-color has-background\">Salute :&nbsp; Vaccinazioni obbligatorie: nessuna. Raccomandazioni: non assumere acqua corrente e non bere latte e bevande di produzione locale evitando di aggiungere il ghiaccio; adottare le massime misure precauzionali igienico-sanitarie; scegliere gli alimenti con la massima attenzione.<\/p>\n\n\n\n<p class=\"has-white-background-color has-background\">Cosa mettere in valigia :&nbsp; Abbigliamento pratico e sportivo, in cotone e preferibilmente vestiti che coprano le spalle, le braccia e il petto e pantaloni lunghi, sia per osservanza dei costumi locali (in alcuni luoghi non vi lasciano entrare se l&#8217;abbigliamento non \u00e8 dignitoso), sia per proteggersi dal sole e dagli insetti, k-way; cappellino, occhiali da sole e creme protettive, scarponcini da trekking e\/o scarpe sportive con suola antiscivolo, sandali, coltellino multiuso, borraccia, torcia, collirio, repellenti per zanzare; farmaci di uso personale.<\/p>\n\n\n\n<div class=\"wp-block-buttons is-layout-flex wp-block-buttons-is-layout-flex\">\n<div class=\"wp-block-button\"><a class=\"wp-block-button__link wp-element-button\" href=\"https:\/\/www.thailandiaontheroad.com\/\">indietro<\/a><\/div>\n<\/div>\n","protected":false},"excerpt":{"rendered":"<p>Cambogia Governo :&nbsp; Monarchia costituzionale Superficie (Km\u00b2) :\u00a0 181.040 Popolazione :&nbsp; 13.607.069 abitanti (tasso di crescita demografica 1,8%) Gruppi etnici [&hellip;]<\/p>\n","protected":false},"author":2,"featured_media":0,"parent":0,"menu_order":0,"comment_status":"closed","ping_status":"closed","template":"","meta":{"footnotes":""},"class_list":["post-204","page","type-page","status-publish","hentry"],"_links":{"self":[{"href":"https:\/\/www.thailandiaontheroad.com\/index.php\/wp-json\/wp\/v2\/pages\/204","targetHints":{"allow":["GET"]}}],"collection":[{"href":"https:\/\/www.thailandiaontheroad.com\/index.php\/wp-json\/wp\/v2\/pages"}],"about":[{"href":"https:\/\/www.thailandiaontheroad.com\/index.php\/wp-json\/wp\/v2\/types\/page"}],"author":[{"embeddable":true,"href":"https:\/\/www.thailandiaontheroad.com\/index.php\/wp-json\/wp\/v2\/users\/2"}],"replies":[{"embeddable":true,"href":"https:\/\/www.thailandiaontheroad.com\/index.php\/wp-json\/wp\/v2\/comments?post=204"}],"version-history":[{"count":4,"href":"https:\/\/www.thailandiaontheroad.com\/index.php\/wp-json\/wp\/v2\/pages\/204\/revisions"}],"predecessor-version":[{"id":528,"href":"https:\/\/www.thailandiaontheroad.com\/index.php\/wp-json\/wp\/v2\/pages\/204\/revisions\/528"}],"wp:attachment":[{"href":"https:\/\/www.thailandiaontheroad.com\/index.php\/wp-json\/wp\/v2\/media?parent=204"}],"curies":[{"name":"wp","href":"https:\/\/api.w.org\/{rel}","templated":true}]}}