{"id":202,"date":"2026-01-16T14:02:13","date_gmt":"2026-01-16T14:02:13","guid":{"rendered":"https:\/\/www.thailandiaontheroad.com\/?page_id=202"},"modified":"2026-02-18T22:07:38","modified_gmt":"2026-02-18T22:07:38","slug":"info-indonesia","status":"publish","type":"page","link":"https:\/\/www.thailandiaontheroad.com\/index.php\/info-indonesia\/","title":{"rendered":"Info Indonesia"},"content":{"rendered":"\n<p class=\"has-white-background-color has-background\">Indonesia<\/p>\n\n\n\n<p class=\"has-white-background-color has-background\">Governo :&nbsp; Repubblica presidenziale<\/p>\n\n\n\n<p class=\"has-white-background-color has-background\">Superficie (Km\u00b2) :&nbsp; 1.919.400<\/p>\n\n\n\n<p class=\"has-white-background-color has-background\">Popolazione :&nbsp; 241.973.879 abitanti (tasso di crescita demografica 1,5%)<\/p>\n\n\n\n<p class=\"has-white-background-color has-background\">Gruppi etnici : Giavanesi 39% Sudanesi 16% Malesi 12% Maduresi 4% altri 29%<\/p>\n\n\n\n<p class=\"has-white-background-color has-background\">Lingue : Bahasa Indonesia (uff.), Giavanese, Inglese, Olandese<\/p>\n\n\n\n<p class=\"has-white-background-color has-background\">Religioni :&nbsp; 88% musulmana, 5% protestante, 3% cattolica, 2% induista, 1% buddhista, 1% altre religioni<\/p>\n\n\n\n<p class=\"has-white-background-color has-background\">Capitale :&nbsp; Jakarta (8.827.900 abitanti, 17.891.000 nell&#8217;area metropolitana)<\/p>\n\n\n\n<p class=\"has-white-background-color has-background\">Moneta : Rupia Indonesiana (IDR)<\/p>\n\n\n\n<p class=\"has-white-background-color has-background\">Fuso orario :&nbsp; Zona Centrale (Kalimantan, Sulawesi) GMT+8: +7h (rispetto all&#8217;ora solare italiana); +6h (rispetto all&#8217;ora legale italiana) Zona Est (Irian, Barat) GMT+9: +8h (rispetto all&#8217;ora solare italiana); +7h (rispetto all&#8217;ora legale italiana) Zona Ovest (Sumatra, Java, Bali, Jakarta) GMT+7: +6h (rispetto all&#8217;ora solare italiana); +5h (rispetto all&#8217;ora legale italiana)<\/p>\n\n\n\n<p class=\"has-white-background-color has-background\">Documenti validi : Passaporto necessario con validit\u00e0 residua di almeno 6 mesi. \u00c8 possibile guidare con la patente internazionale.<\/p>\n\n\n\n<p class=\"has-white-background-color has-background\">Visto : Non necessario, rilasciato direttamente all\u2019arrivo nel Paese oppure per soggiorni oltre 90 giorni ,&nbsp; presso l\u2019Ambasciata di Indonesia a Roma prima della partenza.&nbsp;<\/p>\n\n\n\n<p class=\"has-white-background-color has-background\">Particolari divieti :&nbsp; Per visitare i templi, indossare una sciarpa da tempio, ossia una fascia legata in vita. A Lombok, di maggioranza musulmana, evitare vestiti succinti, topless e adottare atteggiamenti che rispettino la religione locale. Guida a sinistra. Pene severe per chi a uso di droghe.<\/p>\n\n\n\n<p class=\"has-white-background-color has-background\">Carte di credito : Accettate le principali (VISA, Mastercard, Diners, American Express) soprattutto nelle grandi citt\u00e0. Prelievo presso gli sportelli bancomat disponibile.<\/p>\n\n\n\n<p class=\"has-white-background-color has-background\">Clima : Equatoriale, con modeste variazioni di temperatura nel corso dell&#8217;anno con temperature medie intorno ai 28\u00b0C. Nelle zone interne, soprattutto se in altura, si scende di qualche grado. Vi \u00e8 una stagione secca, da aprile ad ottobre, ed una monsonica, da novembre a marzo, con piogge prevalenti in gennaio e febbraio. Ottobre e maggio, in genere, sono mesi di transizione. La differenza tra le due stagioni \u00e8 che durante la stagione delle piogge l&#8217;umidit\u00e0 \u00e8 piuttosto elevata (in alcune zone sfiora o raggiunge il 100%), mentre negli altri mesi \u00e8 pi\u00f9 bassa (anche se nelle aree costiere non scende sotto il 60%). Per gli amanti delle immersioni e dello snorkeling c&#8217;\u00e8 da dire che durante il periodo delle piogge nel mare ci sono correnti che rendono l&#8217;acqua torbida, quindi la visibilit\u00e0 non \u00e8 certamente la migliore. Nelle Molucche il periodo &#8220;secco&#8221; va da novembre a marzo, quello delle precipitazioni piovose da maggio a settembre. Le piogge in questa zona non solo sono violente, ma possono durare ininterrottamente perfino alcuni giorni. In generale le temperature notturne sono temperate.<\/p>\n\n\n\n<p class=\"has-white-background-color has-background\">Telecomunicazioni : Prefissi: dall&#8217; ltalia 0062; per l&#8217;Italia 0039 Copertura mobile, voce e dati: XL GSM 900\/1800 3 GSM 1800 UMTS 2100 Indosat GSM 900\/1800 Lippo Telecom GSM 1800 PT Telekomunikasi Indonesia Tbk GSM 1800 Telkomsel GSM 900\/1800<\/p>\n\n\n\n<p class=\"has-white-background-color has-background\">Elettricit\u00e0 : 127\/220V 50Hz. Spine di tipo C (europea a 2 poli), E (francese a 3 poli)ed F (tedesca a 2 poli). \u00c8 in corso la conversione a 220V, gi\u00e0 completata nelle principali citt\u00e0.<\/p>\n\n\n\n<p class=\"has-white-background-color has-background\">Salute : Vaccinazioni obbligatorie: nessuna. Raccomandazioni: non assumere acqua corrente e non bere latte e bevande di produzione locale evitando di aggiungere il ghiaccio; consumare carni e uova cotte (ad almeno 70 gradi); osservare norme igieniche basilari, come lavarsi frequentemente le mani; scegliere gli alimenti con la massima attenzione; nel caso compaiano sintomi d\u2019influenza o febbre, consultare immediatamente un medico.<\/p>\n\n\n\n<p class=\"has-white-background-color has-background\">Cosa mettere in valigia : Abbigliamento pratico e sportivo, in cotone e meglio se in fibre naturali, capi pi\u00f9 pesanti per proteggersi dall&#8217;aria condizionata degli alberghi; cappellino, occhiali da sole e creme protettive, scarponcini da trekking e\/o scarpe sportive con suola antiscivolo, sandali, coltellino multiuso, borraccia, torcia, collirio, repellenti per zanzare; farmaci di uso personale.<\/p>\n\n\n\n<div class=\"wp-block-buttons is-layout-flex wp-block-buttons-is-layout-flex\">\n<div class=\"wp-block-button\"><a class=\"wp-block-button__link wp-element-button\" href=\"https:\/\/www.thailandiaontheroad.com\/\">indietro<\/a><\/div>\n<\/div>\n","protected":false},"excerpt":{"rendered":"<p>Indonesia Governo :&nbsp; Repubblica presidenziale Superficie (Km\u00b2) :&nbsp; 1.919.400 Popolazione :&nbsp; 241.973.879 abitanti (tasso di crescita demografica 1,5%) Gruppi etnici [&hellip;]<\/p>\n","protected":false},"author":2,"featured_media":0,"parent":0,"menu_order":0,"comment_status":"closed","ping_status":"closed","template":"","meta":{"footnotes":""},"class_list":["post-202","page","type-page","status-publish","hentry"],"_links":{"self":[{"href":"https:\/\/www.thailandiaontheroad.com\/index.php\/wp-json\/wp\/v2\/pages\/202","targetHints":{"allow":["GET"]}}],"collection":[{"href":"https:\/\/www.thailandiaontheroad.com\/index.php\/wp-json\/wp\/v2\/pages"}],"about":[{"href":"https:\/\/www.thailandiaontheroad.com\/index.php\/wp-json\/wp\/v2\/types\/page"}],"author":[{"embeddable":true,"href":"https:\/\/www.thailandiaontheroad.com\/index.php\/wp-json\/wp\/v2\/users\/2"}],"replies":[{"embeddable":true,"href":"https:\/\/www.thailandiaontheroad.com\/index.php\/wp-json\/wp\/v2\/comments?post=202"}],"version-history":[{"count":5,"href":"https:\/\/www.thailandiaontheroad.com\/index.php\/wp-json\/wp\/v2\/pages\/202\/revisions"}],"predecessor-version":[{"id":531,"href":"https:\/\/www.thailandiaontheroad.com\/index.php\/wp-json\/wp\/v2\/pages\/202\/revisions\/531"}],"wp:attachment":[{"href":"https:\/\/www.thailandiaontheroad.com\/index.php\/wp-json\/wp\/v2\/media?parent=202"}],"curies":[{"name":"wp","href":"https:\/\/api.w.org\/{rel}","templated":true}]}}