{"id":185,"date":"2026-01-15T11:35:41","date_gmt":"2026-01-15T11:35:41","guid":{"rendered":"https:\/\/www.thailandiaontheroad.com\/?page_id=185"},"modified":"2026-01-15T11:35:41","modified_gmt":"2026-01-15T11:35:41","slug":"cancellazioni","status":"publish","type":"page","link":"https:\/\/www.thailandiaontheroad.com\/index.php\/cancellazioni\/","title":{"rendered":"Cancellazioni"},"content":{"rendered":"\n<p class=\"has-small-font-size\">Al viaggiatore che receda dal contratto prima della partenza per qualsiasi motivi, anche imprevisto e sopraggiunto, al di fuori delle ipotesi elencate al primo comma, saranno addebitati \u2013 indipendentemente dal pagamento dell\u2019acconto di cui all\u2019art.7 co. 1 \u2013 il costo individuale di gestione pratica e l\u2019eventuale corrispettivo di coperture assicurative gi\u00e0 richieste al momento della conclusione del contratto, i costi della biglietteria aerea gi\u00e0 emessa o per altri servizi gi\u00e0 resi, la penale nella misura indicata, salvo eventuali condizioni pi\u00f9 restrittive \u2013 legate a periodi di alta stagione o di piena occupazione delle strutture e\/o di servizi specifici \u2013 che verranno comunicate al viaggiatore in fase di preventivo e quindi prima della conclusione del contratto.<\/p>\n\n\n\n<ol class=\"wp-block-list\">\n<li class=\"has-small-font-size\">le richieste di annullamento del pacchetto viaggi o del servizio turistico, per qualsiasi ragione, devono pervenire forma scritta e per email all\u2019operatore che ha seguito la pratica.<\/li>\n\n\n\n<li class=\"has-small-font-size\">Per i <strong>pacchetti viaggi <\/strong>si applica le seguenti penalit\u00e0:\n<ul class=\"wp-block-list\">\n<li class=\"has-small-font-size\">eventuale corrispettivo di coperture assicurative gi\u00e0 richieste al momento della conclusione del contratto;<\/li>\n\n\n\n<li>dal 30\u00b0 al 15\u00b0 giorno prima della partenza penalita\u2019 50%;<\/li>\n\n\n\n<li>dal 14\u00b0 al 7\u00b0 giorno prima della partenza penalit\u00e0 100%;<\/li>\n<\/ul>\n<\/li>\n\n\n\n<li class=\"has-small-font-size\">per i <strong>singoli servizi<\/strong> si applicano le seguenti penalit\u00e0:\n<ul class=\"wp-block-list\">\n<li class=\"has-small-font-size\">fino a 7 giorni prima della data prevista del servizio il viaggiatore potr\u00e0 procedere alla cancellazione ed ottenere un credito pari alla somma versata spendibile per un servizio diverso. Non \u00e8 previsto il rimborso per pagamenti in contanti;<\/li>\n\n\n\n<li class=\"has-small-font-size\">meno di 7 giorni prima della data prevista del servizio il <strong>100%<\/strong> della quota del servizio prenotato.<\/li>\n<\/ul>\n<\/li>\n\n\n\n<li class=\"has-small-font-size\">per determinati servizi turistici e non turistici le penali possono essere del 100% gi\u00e0 dal momento della proposta irrevocabile o della prenotazione \/ conferma da parte del tour operator tali variazioni saranno indicate nei documenti relativi ai programmi fuori catalogo o ai viaggi su misura o a viaggi e servizi in genere non rientranti al nostro catalogo.<\/li>\n<\/ol>\n\n\n\n<p><\/p>\n","protected":false},"excerpt":{"rendered":"<p>Al viaggiatore che receda dal contratto prima della partenza per qualsiasi motivi, anche imprevisto e sopraggiunto, al di fuori delle [&hellip;]<\/p>\n","protected":false},"author":2,"featured_media":0,"parent":0,"menu_order":0,"comment_status":"closed","ping_status":"closed","template":"","meta":{"footnotes":""},"class_list":["post-185","page","type-page","status-publish","hentry"],"_links":{"self":[{"href":"https:\/\/www.thailandiaontheroad.com\/index.php\/wp-json\/wp\/v2\/pages\/185","targetHints":{"allow":["GET"]}}],"collection":[{"href":"https:\/\/www.thailandiaontheroad.com\/index.php\/wp-json\/wp\/v2\/pages"}],"about":[{"href":"https:\/\/www.thailandiaontheroad.com\/index.php\/wp-json\/wp\/v2\/types\/page"}],"author":[{"embeddable":true,"href":"https:\/\/www.thailandiaontheroad.com\/index.php\/wp-json\/wp\/v2\/users\/2"}],"replies":[{"embeddable":true,"href":"https:\/\/www.thailandiaontheroad.com\/index.php\/wp-json\/wp\/v2\/comments?post=185"}],"version-history":[{"count":1,"href":"https:\/\/www.thailandiaontheroad.com\/index.php\/wp-json\/wp\/v2\/pages\/185\/revisions"}],"predecessor-version":[{"id":186,"href":"https:\/\/www.thailandiaontheroad.com\/index.php\/wp-json\/wp\/v2\/pages\/185\/revisions\/186"}],"wp:attachment":[{"href":"https:\/\/www.thailandiaontheroad.com\/index.php\/wp-json\/wp\/v2\/media?parent=185"}],"curies":[{"name":"wp","href":"https:\/\/api.w.org\/{rel}","templated":true}]}}